{"id":9128,"date":"2020-01-15T15:53:02","date_gmt":"2020-01-15T14:53:02","guid":{"rendered":"http:\/\/labrako.hr\/home\/?page_id=9128"},"modified":"2023-11-02T08:30:00","modified_gmt":"2023-11-02T07:30:00","slug":"kupci","status":"publish","type":"page","link":"https:\/\/labrako.hr\/home\/kupci\/","title":{"rendered":"Na\u0161i kupci"},"content":{"rendered":"<div class=\"wpb-content-wrapper\"><p>[vc_row][vc_column][vc_empty_space height=&#8221;65px&#8221;][\/vc_column][\/vc_row][vc_row][vc_column width=&#8221;1\/3&#8243;][\/vc_column][vc_column width=&#8221;1\/3&#8243;]<div class=\"eltdf-section-title-holder\" style=\"text-align: center\">\n\t\t\t<h3 class=\"eltdf-st-title\" style=\"color: #28a9e2\">\n\t\t\t<span>Kupci i njihovo zadovoljstvo na\u0161a su misija<\/span>\n\t\t<\/h3>\n\t\t\t\t<h5 class=\"eltdf-st-text\" style=\"color: #263341\">Pru\u017eiti vrhunskim profesionalcima najkvalitetnije proizvode ribarstva prilago\u0111ene njihovim potrebama uz isporuku na vrata \u0161irom Hrvatske, omogu\u0107uju\u0107i im da se fokusiraju na ono u \u010demu su najbolji, uslu\u017eivanju hrane.<\/h5>\n\t<\/div>[\/vc_column][vc_column width=&#8221;1\/3&#8243;][\/vc_column][\/vc_row][vc_row][vc_column][vc_empty_space height=&#8221;65px&#8221;][\/vc_column][\/vc_row][vc_row enable_first_overlay=&#8221;true&#8221; first_overlay_opacity=&#8221;25&#8243; first_background_color=&#8221;#28a9e2&#8243; enable_parallax=&#8221;true&#8221; enable_parallax_pattern=&#8221;true&#8221; parallax_background=&#8221;9572&#8243; parallax_style=&#8221;fade&#8221; css=&#8221;.vc_custom_1698837919651{padding-top: -25px !important;}&#8221;][vc_column][vc_empty_space height=&#8221;65px&#8221;][vc_cta h2=&#8221;Kontaktirajte nas&#8221; h4=&#8221;Ukoliko vodite restoran, hotel ili catering usluge na pravom ste mjestu&#8221; txt_align=&#8221;center&#8221; shape=&#8221;square&#8221; style=&#8221;outline&#8221; color=&#8221;grey&#8221; el_width=&#8221;lg&#8221; add_button=&#8221;bottom&#8221; btn_title=&#8221;Pogledajte ponudu&#8221; btn_color=&#8221;primary&#8221; btn_align=&#8221;center&#8221; btn_button_block=&#8221;true&#8221; btn_link=&#8221;url:https%3A%2F%2Flabrako.hr%2Fhome%2Friba_ponuda%2F|title:Proizvodi&#8221;][\/vc_cta][vc_empty_space height=&#8221;65px&#8221;][\/vc_column][\/vc_row][vc_row][vc_column][vc_empty_space height=&#8221;50px&#8221;][\/vc_column][\/vc_row][vc_row row_content_width=&#8221;grid&#8221;][vc_column width=&#8221;1\/3&#8243;]<div class=\"eltdf-section-title-holder\" style=\"text-align: center\">\n\t\t\t<h3 class=\"eltdf-st-title\" >\n\t\t\t<span>Kvalitetna ponuda<\/span>\n\t\t<\/h3>\n\t\t<\/div>[vc_empty_space height=&#8221;20px&#8221;][vc_icon icon_fontawesome=&#8221;fas fa-fish&#8221; color=&#8221;custom&#8221; align=&#8221;center&#8221; custom_color=&#8221;#28a9e2&#8243;][vc_column_text]Ne koriste\u0107i se \u0161irokim asortimanom, koncentriramo se samo na proizvode koji zadovoljavaju postavljene standarde kvalitete.<\/p>\n<p>Proizvode ribarstva nabavljamo prvokupom od ribara te uvozom izabranih najkvalitetnijih proizvoda ribarstva iz najboljih svjetskih ribolovnih podru\u010dja.<\/p>\n<p>Vr\u0161imo prvokup jadranske ribe od na\u0161ih ribara (zubatac, kova\u010d, \u0161karpina, orada, gof, pagar\u2026).<\/p>\n<p>U ponudi su i probrani proizvodi ribarstva iz najboljih svjetskih ribolovnih zona. <a href=\"https:\/\/labrako.hr\/home\/riba_ponuda\/\">Saznajte vi\u0161e&#8230;<\/a>[\/vc_column_text][vc_empty_space height=&#8221;20px&#8221;][\/vc_column][vc_column width=&#8221;1\/3&#8243;]<div class=\"eltdf-section-title-holder\" style=\"text-align: center\">\n\t\t\t<h3 class=\"eltdf-st-title\" >\n\t\t\t<span>Usluge prerade ribe<\/span>\n\t\t<\/h3>\n\t\t<\/div>[vc_empty_space height=&#8221;20px&#8221;][vc_icon icon_fontawesome=&#8221;fas fa-smile&#8221; color=&#8221;custom&#8221; align=&#8221;center&#8221; custom_color=&#8221;#28a9e2&#8243;][vc_column_text]<\/p>\n<p style=\"text-align: left;\">Labrako d.o.o. ima vlastiti registrirani pogon za preradu i komore za skladi\u0161tenje koje su sufinancirane iz Europskog fonda za pomorstvo i ribarstvo (EFPR) i opremljene najsuvremenijom opremom. Pogon se sastoji od predprostora, prostora za preradu u kontroliranim uvjetima do 12 \u1d52C, komore plus re\u017eim 0-8 \u1d52C i komora minus re\u017eim -30 \u1d52C.<\/p>\n<p>Kupcima pru\u017eamo usluge \u010di\u0161\u0107enja, filetiranja, pakiranja i odmrzavanja ribe. <a href=\"https:\/\/labrako.hr\/home\/usluge\/\">Saznajte vi\u0161e&#8230;<\/a>[\/vc_column_text][vc_empty_space height=&#8221;20px&#8221;][\/vc_column][vc_column width=&#8221;1\/3&#8243;]<div class=\"eltdf-section-title-holder\" style=\"text-align: center\">\n\t\t\t<h3 class=\"eltdf-st-title\" >\n\t\t\t<span>Vlastita dostava na Va\u0161 prag<\/span>\n\t\t<\/h3>\n\t\t<\/div>[vc_empty_space height=&#8221;20px&#8221;][vc_icon icon_fontawesome=&#8221;fas fa-truck&#8221; color=&#8221;custom&#8221; align=&#8221;center&#8221; custom_color=&#8221;#28a9e2&#8243;][vc_column_text]Dostava vlastitim vozilima do Va\u0161eg praga garantira kvalitetu proizvoda i vrhunsku uslugu koja na\u0161im kupcima \u0161tedi vrijeme.<\/p>\n<p>Dostavu do Va\u0161eg praga vr\u0161imo u Zagrebu i okolici, Zadru, \u0160ibeniku i Splitu te na pripadaju\u0107e otoke. Na pojedinim izoliranijim otocima imamo tako\u0111er vlastita vozila koja i na njima garantiraju isporuku na Va\u0161 prag.<\/p>\n<p>Dostava se dogovara direktno s na\u0161im zaposlenikom, imate kontakt te ga u svakom trenutku mo\u017eete kontaktirati. <a href=\"https:\/\/labrako.hr\/home\/dostava\/\">Saznajte vi\u0161e&#8230;<\/a>[\/vc_column_text][vc_empty_space height=&#8221;20px&#8221;][\/vc_column][\/vc_row][vc_row][vc_column][vc_empty_space height=&#8221;65px&#8221;][\/vc_column][\/vc_row][vc_row][vc_column][vc_row_inner][vc_column_inner]<div class=\"eltdf-section-title-holder\" style=\"text-align: center\">\n\t\t\t<h2 class=\"eltdf-st-title\" >\n\t\t\t<span>Na\u0161i kupci<\/span>\n\t\t<\/h2>\n\t\t<\/div>[\/vc_column_inner][\/vc_row_inner][vc_empty_space height=&#8221;20px&#8221;][vc_row_inner row_content_width=&#8221;grid&#8221;][vc_column_inner width=&#8221;1\/3&#8243;][vc_custom_heading text=&#8221;Brenner Grill &amp; Restaurant Zagreb<br \/>\nGinger Sushi Zagreb<br \/>\nHealth &#8216;n&#8217; joy Zagreb<br \/>\nRestoran Vinodol Zagreb<br \/>\nRestoran Kor\u010dula Zagreb<br \/>\nMime&#8217;s Zagreb<br \/>\nRestoran Nokturno Zagreb<br \/>\nOmni Experience Bar Zagreb<br \/>\nRestoran N20 Kornati Pi\u0161kera<br \/>\nRestoran N20 Kornati \u017dut<br \/>\nObonjan Island Resort Obonjan<br \/>\nOlivia green camping Tisno&#8221; font_container=&#8221;tag:h5|text_align:center&#8221; use_theme_fonts=&#8221;yes&#8221;][\/vc_column_inner][vc_column_inner width=&#8221;1\/3&#8243;][vc_custom_heading text=&#8221;Konoba Alavija Silba<br \/>\nHotel &amp; Restaurant A&#8217;mare Zadar<br \/>\nKonoba Aurora Kor\u010dula<br \/>\nRestoran B&amp;T Starigrad Paklenica<br \/>\nMala konoba Bu\u017ea Zadar<br \/>\nRestoran Duje Split<br \/>\nRestoran Fine Food Murter<br \/>\nKonoba Prslika Zlarin<br \/>\nRestoran Kornat Zadar<br \/>\nKonoba Ku\u017eina Zadar<br \/>\nRestoran Mala Rava, Rava<br \/>\nRestoran Portus Suko\u0161an&#8221; font_container=&#8221;tag:h5|text_align:center&#8221; use_theme_fonts=&#8221;yes&#8221;][\/vc_column_inner][vc_column_inner width=&#8221;1\/3&#8243;][vc_custom_heading text=&#8221;Restoran Pojoda Vis<br \/>\nRestoran Fort George Vis<br \/>\nRestoran Dalmatino Vis<br \/>\nKonoba Ston\u010dica Vis<br \/>\nInfobip<br \/>\nHEP Toplinarstvo<br \/>\nOsnovna \u0161kola Ivana Me\u0161trovi\u0107a<br \/>\nU\u010deni\u010dki dom Ivana Ma\u017eurani\u0107a<br \/>\nFiorital Zagreb<br \/>\nAdria Fish Zagreb<br \/>\nMetro&#8221; font_container=&#8221;tag:h5|text_align:center&#8221; use_theme_fonts=&#8221;yes&#8221;][\/vc_column_inner][\/vc_row_inner][vc_empty_space height=&#8221;65px&#8221;][\/vc_column][\/vc_row]<\/p>\n<\/div>","protected":false},"excerpt":{"rendered":"<p>[vc_row][vc_column][vc_empty_space height=&#8221;65px&#8221;][\/vc_column][\/vc_row][vc_row][vc_column width=&#8221;1\/3&#8243;][\/vc_column][vc_column width=&#8221;1\/3&#8243;][\/vc_column][vc_column width=&#8221;1\/3&#8243;][\/vc_column][\/vc_row][vc_row][vc_column][vc_empty_space height=&#8221;65px&#8221;][\/vc_column][\/vc_row][vc_row enable_first_overlay=&#8221;true&#8221; first_overlay_opacity=&#8221;25&#8243; first_background_color=&#8221;#28a9e2&#8243; enable_parallax=&#8221;true&#8221; enable_parallax_pattern=&#8221;true&#8221; parallax_background=&#8221;9572&#8243; parallax_style=&#8221;fade&#8221; css=&#8221;.vc_custom_1698837919651{padding-top: -25px !important;}&#8221;][vc_column][vc_empty_space height=&#8221;65px&#8221;][vc_cta h2=&#8221;Kontaktirajte nas&#8221; h4=&#8221;Ukoliko vodite restoran, hotel ili catering usluge na pravom ste mjestu&#8221; txt_align=&#8221;center&#8221; shape=&#8221;square&#8221; style=&#8221;outline&#8221; color=&#8221;grey&#8221; el_width=&#8221;lg&#8221; add_button=&#8221;bottom&#8221; btn_title=&#8221;Pogledajte ponudu&#8221; btn_color=&#8221;primary&#8221; btn_align=&#8221;center&#8221; btn_button_block=&#8221;true&#8221; btn_link=&#8221;url:https%3A%2F%2Flabrako.hr%2Fhome%2Friba_ponuda%2F|title:Proizvodi&#8221;][\/vc_cta][vc_empty_space height=&#8221;65px&#8221;][\/vc_column][\/vc_row][vc_row][vc_column][vc_empty_space height=&#8221;50px&#8221;][\/vc_column][\/vc_row][vc_row row_content_width=&#8221;grid&#8221;][vc_column width=&#8221;1\/3&#8243;][vc_empty_space height=&#8221;20px&#8221;][vc_icon icon_fontawesome=&#8221;fas fa-fish&#8221; color=&#8221;custom&#8221; align=&#8221;center&#8221; custom_color=&#8221;#28a9e2&#8243;][vc_column_text]Ne koriste\u0107i se \u0161irokim asortimanom, koncentriramo se samo na proizvode koji zadovoljavaju postavljene standarde kvalitete. Proizvode ribarstva nabavljamo prvokupom od ribara te uvozom izabranih najkvalitetnijih proizvoda ribarstva iz najboljih svjetskih ribolovnih podru\u010dja. Vr\u0161imo prvokup jadranske ribe od na\u0161ih ribara (zubatac, kova\u010d, \u0161karpina, orada, gof, pagar\u2026). U ponudi su i probrani proizvodi ribarstva iz najboljih svjetskih ribolovnih zona. Saznajte vi\u0161e&#8230;[\/vc_column_text][vc_empty_space height=&#8221;20px&#8221;][\/vc_column][vc_column width=&#8221;1\/3&#8243;][vc_empty_space height=&#8221;20px&#8221;][vc_icon icon_fontawesome=&#8221;fas fa-smile&#8221; color=&#8221;custom&#8221; align=&#8221;center&#8221; custom_color=&#8221;#28a9e2&#8243;][vc_column_text] Labrako d.o.o. ima vlastiti registrirani pogon za preradu i komore za skladi\u0161tenje koje su sufinancirane iz Europskog fonda za pomorstvo i ribarstvo (EFPR) i opremljene najsuvremenijom opremom. Pogon se sastoji od predprostora,<\/p>\n","protected":false},"author":1,"featured_media":0,"parent":0,"menu_order":0,"comment_status":"closed","ping_status":"closed","template":"full-width.php","meta":[],"_links":{"self":[{"href":"https:\/\/labrako.hr\/home\/wp-json\/wp\/v2\/pages\/9128"}],"collection":[{"href":"https:\/\/labrako.hr\/home\/wp-json\/wp\/v2\/pages"}],"about":[{"href":"https:\/\/labrako.hr\/home\/wp-json\/wp\/v2\/types\/page"}],"author":[{"embeddable":true,"href":"https:\/\/labrako.hr\/home\/wp-json\/wp\/v2\/users\/1"}],"replies":[{"embeddable":true,"href":"https:\/\/labrako.hr\/home\/wp-json\/wp\/v2\/comments?post=9128"}],"version-history":[{"count":11,"href":"https:\/\/labrako.hr\/home\/wp-json\/wp\/v2\/pages\/9128\/revisions"}],"predecessor-version":[{"id":9633,"href":"https:\/\/labrako.hr\/home\/wp-json\/wp\/v2\/pages\/9128\/revisions\/9633"}],"wp:attachment":[{"href":"https:\/\/labrako.hr\/home\/wp-json\/wp\/v2\/media?parent=9128"}],"curies":[{"name":"wp","href":"https:\/\/api.w.org\/{rel}","templated":true}]}}