{"id":9097,"date":"2020-01-15T09:19:54","date_gmt":"2020-01-15T08:19:54","guid":{"rendered":"http:\/\/labrako.hr\/home\/?page_id=9097"},"modified":"2023-11-02T08:23:50","modified_gmt":"2023-11-02T07:23:50","slug":"dostava","status":"publish","type":"page","link":"https:\/\/labrako.hr\/home\/dostava\/","title":{"rendered":"Dostava"},"content":{"rendered":"<div class=\"wpb-content-wrapper\"><p>[vc_row first_background_color=&#8221;#263341&#8243;][vc_column][vc_empty_space height=&#8221;65px&#8221;][\/vc_column][\/vc_row][vc_row first_background_color=&#8221;#263341&#8243;][vc_column width=&#8221;1\/4&#8243;][\/vc_column][vc_column width=&#8221;1\/2&#8243;]<div class=\"eltdf-section-title-holder\" style=\"text-align: center\">\n\t\t\t<h3 class=\"eltdf-st-title\" style=\"color: #28a9e2\">\n\t\t\t<span>Dostava se vr\u0161i vlastitom flotom specijaliziranih dostavnih vozila<\/span>\n\t\t<\/h3>\n\t\t\t\t<h5 class=\"eltdf-st-text\" style=\"color: #263341\">Dostava vlastitim vozilima do Va\u0161eg praga garantira kvalitetu proizvoda i vrhunsku uslugu koja na\u0161im kupcima \u0161tedi vrijeme. Dostavu do Va\u0161eg praga vr\u0161imo u Zagrebu i okolici, Zadru, \u0160ibeniku i Splitu te na pripadaju\u0107e otoke. Na pojedinim izoliranijim otocima imamo tako\u0111er vlastita vozila koja i na njima garantiraju isporuku na Va\u0161 prag.<\/h5>\n\t<\/div>[\/vc_column][vc_column width=&#8221;1\/4&#8243;][\/vc_column][\/vc_row][vc_row first_background_color=&#8221;#263341&#8243;][vc_column][vc_empty_space height=&#8221;65px&#8221;][\/vc_column][\/vc_row][vc_row enable_first_overlay=&#8221;true&#8221; first_overlay_opacity=&#8221;25&#8243; first_background_color=&#8221;#28a9e2&#8243; enable_parallax=&#8221;true&#8221; enable_parallax_pattern=&#8221;true&#8221; parallax_background=&#8221;9550&#8243; parallax_style=&#8221;fade&#8221; css=&#8221;.vc_custom_1698755106271{padding-top: -25px !important;}&#8221;][vc_column][vc_empty_space height=&#8221;50px&#8221;][vc_cta h2=&#8221;Vrhunska usluga dostave i najkvalitetnije namirnice&#8221; h4=&#8221;Dostava do vrata \u0161tedi Vam vrijeme i novac&#8221; txt_align=&#8221;center&#8221; shape=&#8221;square&#8221; style=&#8221;outline&#8221; color=&#8221;grey&#8221; el_width=&#8221;lg&#8221; add_button=&#8221;bottom&#8221; btn_title=&#8221;Pogledajte ponudu&#8221; btn_color=&#8221;primary&#8221; btn_align=&#8221;center&#8221; btn_button_block=&#8221;true&#8221; btn_link=&#8221;url:https%3A%2F%2Flabrako.hr%2Fhome%2Friba_ponuda%2F|title:Riba%20i%20ostala%20ponuda|target:_blank&#8221;][\/vc_cta][vc_empty_space height=&#8221;50px&#8221;][\/vc_column][\/vc_row][vc_row first_background_color=&#8221;#263341&#8243;][vc_column][vc_empty_space height=&#8221;100px&#8221;][\/vc_column][\/vc_row][vc_row first_background_color=&#8221;#263341&#8243;][vc_column]<div class=\"eltdf-section-title-holder\" style=\"text-align: center\">\n\t\t\t<h2 class=\"eltdf-st-title\" >\n\t\t\t<span>Koje su prednosti Labrako dostave na vrata?<\/span>\n\t\t<\/h2>\n\t\t<\/div>[vc_empty_space][\/vc_column][\/vc_row][vc_row row_content_width=&#8221;grid&#8221; first_background_color=&#8221;#263341&#8243;][vc_column width=&#8221;1\/3&#8243;]<div class=\"eltdf-section-title-holder\" style=\"text-align: center\">\n\t\t\t<h3 class=\"eltdf-st-title\" style=\"color: #28a9e2\">\n\t\t\t<span>Vlastita flota specijaliziranih dostavnih vozila<\/span>\n\t\t<\/h3>\n\t\t<\/div>[vc_empty_space height=&#8221;20px&#8221;][vc_single_image image=&#8221;9550&#8243; img_size=&#8221;600 x 400&#8243; alignment=&#8221;center&#8221;][vc_column_text]<\/p>\n<p style=\"text-align: left;\">Dostava se dogovara direktno s na\u0161im zaposlenikom, imate kontakt te ga u svakom trenutku mo\u017eete kontaktirati. Dostavni lanac nam ne ovisi o usluzi tre\u0107ih i potpuno nam je kontrolabilan \u0161to garantira isporuku u dogovoreno vrijeme.<\/p>\n<p>[\/vc_column_text][vc_empty_space height=&#8221;20px&#8221;][\/vc_column][vc_column width=&#8221;1\/3&#8243;]<div class=\"eltdf-section-title-holder\" style=\"text-align: center\">\n\t\t\t<h3 class=\"eltdf-st-title\" style=\"color: #28a9e2\">\n\t\t\t<span>Dostava na Va\u0161 prag Zagreb, Zadar, \u0160ibenik, Split uklju\u010duju\u0107i i otoke<\/span>\n\t\t<\/h3>\n\t\t<\/div>[vc_empty_space height=&#8221;20px&#8221;][vc_single_image image=&#8221;9122&#8243; img_size=&#8221;600&#215;400&#8243; alignment=&#8221;center&#8221;][vc_column_text]<\/p>\n<p style=\"text-align: left;\">Dostava i na izolirane otoke, na kojima, gdje je to mogu\u0107e imamo specijalizirano vozilo i zposlenika koji \u0107e Vam dostaviti robu na Va\u0161 prag i u\u0161tedjeti Vam zna\u010dajnu koli\u010dinu vremena.<\/p>\n<p>[\/vc_column_text][vc_empty_space height=&#8221;20px&#8221;][\/vc_column][vc_column width=&#8221;1\/3&#8243;]<div class=\"eltdf-section-title-holder\" style=\"text-align: center\">\n\t\t\t<h3 class=\"eltdf-st-title\" style=\"color: #28a9e2\">\n\t\t\t<span>Sva dostavna vozila su ATP FNAX certificirana<\/span>\n\t\t<\/h3>\n\t\t<\/div>[vc_empty_space height=&#8221;20px&#8221;][vc_single_image image=&#8221;9554&#8243; img_size=&#8221;600&#215;400&#8243; alignment=&#8221;center&#8221;][vc_column_text]ATP FNAX certifikat potvr\u0111uje da je izotermalni spremnik napravljen za prijevoz i skladi\u0161tenje kvarljive hrane s izotermnim ispitivanjima u skladu s ATP propisima i prikladan je za prijevoz unutar vozila, \u010dak i ako nisu izolirana.[\/vc_column_text][vc_empty_space height=&#8221;20px&#8221;][\/vc_column][\/vc_row][vc_row first_background_color=&#8221;#263341&#8243;][vc_column][vc_empty_space height=&#8221;65px&#8221;][\/vc_column][\/vc_row][vc_row row_content_width=&#8221;grid&#8221; first_background_color=&#8221;#263341&#8243;][vc_column width=&#8221;1\/4&#8243;][vc_icon icon_fontawesome=&#8221;fa fa-truck&#8221; color=&#8221;custom&#8221; background_style=&#8221;rounded-outline&#8221; align=&#8221;center&#8221; custom_color=&#8221;#28a9e2&#8243;]<div class=\"eltdf-section-title-holder\" style=\"text-align: center\">\n\t\t\t<h4 class=\"eltdf-st-title\" style=\"color: #28a9e2\">\n\t\t\t<span>Dostava na podru\u010dju Zagreba, Zadra, \u0160ibenika, Splita, uklju\u010duju\u0107i okolicu i otoke<\/span>\n\t\t<\/h4>\n\t\t<\/div>[vc_empty_space height=&#8221;20px&#8221;][\/vc_column][vc_column width=&#8221;1\/4&#8243;][vc_icon icon_fontawesome=&#8221;fa fa-lock&#8221; color=&#8221;custom&#8221; background_style=&#8221;rounded-outline&#8221; align=&#8221;center&#8221; custom_color=&#8221;#28a9e2&#8243;]<div class=\"eltdf-section-title-holder\" style=\"text-align: center\">\n\t\t\t<h4 class=\"eltdf-st-title\" style=\"color: #28a9e2\">\n\t\t\t<span>Garancija kvalitete proizvoda i usluge<\/span>\n\t\t<\/h4>\n\t\t<\/div>[vc_empty_space height=&#8221;20px&#8221;][\/vc_column][vc_column width=&#8221;1\/4&#8243;][vc_icon icon_fontawesome=&#8221;fa fa-clock-o&#8221; color=&#8221;custom&#8221; background_style=&#8221;rounded-outline&#8221; align=&#8221;center&#8221; custom_color=&#8221;#28a9e2&#8243;]<div class=\"eltdf-section-title-holder\" style=\"text-align: center\">\n\t\t\t<h4 class=\"eltdf-st-title\" style=\"color: #28a9e2\">\n\t\t\t<span>U\u0161teda vremena koju Vam pru\u017ea na\u0161a dostava na Va\u0161 prag<\/span>\n\t\t<\/h4>\n\t\t<\/div>[vc_empty_space height=&#8221;20px&#8221;][\/vc_column][vc_column width=&#8221;1\/4&#8243;][vc_icon icon_fontawesome=&#8221;far fa-grin&#8221; color=&#8221;custom&#8221; background_style=&#8221;rounded-outline&#8221; align=&#8221;center&#8221; custom_color=&#8221;#28a9e2&#8243;]<div class=\"eltdf-section-title-holder\" style=\"text-align: center\">\n\t\t\t<h4 class=\"eltdf-st-title\" style=\"color: #28a9e2\">\n\t\t\t<span>Zadovoljni kupci s kojima ostvarujemo uspje\u0161nu dugogodi\u0161nju suradnju<\/span>\n\t\t<\/h4>\n\t\t<\/div>[vc_empty_space height=&#8221;20px&#8221;][\/vc_column][\/vc_row][vc_row row_content_width=&#8221;grid&#8221;][vc_column][vc_empty_space height=&#8221;65px&#8221;][vc_btn title=&#8221;KONTAKTIRAJTE NAS&#8221; color=&#8221;primary&#8221; align=&#8221;center&#8221; button_block=&#8221;true&#8221; link=&#8221;url:http%3A%2F%2Flabrako.hr%2Fhome%2Fkontakt%2F|title:Kontakt||&#8221;][vc_empty_space height=&#8221;60px&#8221;][\/vc_column][\/vc_row]<\/p>\n<\/div>","protected":false},"excerpt":{"rendered":"<p>[vc_row first_background_color=&#8221;#263341&#8243;][vc_column][vc_empty_space height=&#8221;65px&#8221;][\/vc_column][\/vc_row][vc_row first_background_color=&#8221;#263341&#8243;][vc_column width=&#8221;1\/4&#8243;][\/vc_column][vc_column width=&#8221;1\/2&#8243;][\/vc_column][vc_column width=&#8221;1\/4&#8243;][\/vc_column][\/vc_row][vc_row first_background_color=&#8221;#263341&#8243;][vc_column][vc_empty_space height=&#8221;65px&#8221;][\/vc_column][\/vc_row][vc_row enable_first_overlay=&#8221;true&#8221; first_overlay_opacity=&#8221;25&#8243; first_background_color=&#8221;#28a9e2&#8243; enable_parallax=&#8221;true&#8221; enable_parallax_pattern=&#8221;true&#8221; parallax_background=&#8221;9550&#8243; parallax_style=&#8221;fade&#8221; css=&#8221;.vc_custom_1698755106271{padding-top: -25px !important;}&#8221;][vc_column][vc_empty_space height=&#8221;50px&#8221;][vc_cta h2=&#8221;Vrhunska usluga dostave i najkvalitetnije namirnice&#8221; h4=&#8221;Dostava do vrata \u0161tedi Vam vrijeme i novac&#8221; txt_align=&#8221;center&#8221; shape=&#8221;square&#8221; style=&#8221;outline&#8221; color=&#8221;grey&#8221; el_width=&#8221;lg&#8221; add_button=&#8221;bottom&#8221; btn_title=&#8221;Pogledajte ponudu&#8221; btn_color=&#8221;primary&#8221; btn_align=&#8221;center&#8221; btn_button_block=&#8221;true&#8221; btn_link=&#8221;url:https%3A%2F%2Flabrako.hr%2Fhome%2Friba_ponuda%2F|title:Riba%20i%20ostala%20ponuda|target:_blank&#8221;][\/vc_cta][vc_empty_space height=&#8221;50px&#8221;][\/vc_column][\/vc_row][vc_row first_background_color=&#8221;#263341&#8243;][vc_column][vc_empty_space height=&#8221;100px&#8221;][\/vc_column][\/vc_row][vc_row first_background_color=&#8221;#263341&#8243;][vc_column][vc_empty_space][\/vc_column][\/vc_row][vc_row row_content_width=&#8221;grid&#8221; first_background_color=&#8221;#263341&#8243;][vc_column width=&#8221;1\/3&#8243;][vc_empty_space height=&#8221;20px&#8221;][vc_single_image image=&#8221;9550&#8243; img_size=&#8221;600 x 400&#8243; alignment=&#8221;center&#8221;][vc_column_text] Dostava se dogovara direktno s na\u0161im zaposlenikom, imate kontakt te ga u svakom trenutku mo\u017eete kontaktirati. Dostavni lanac nam ne ovisi o usluzi tre\u0107ih i potpuno nam je kontrolabilan \u0161to garantira isporuku u dogovoreno vrijeme. [\/vc_column_text][vc_empty_space height=&#8221;20px&#8221;][\/vc_column][vc_column width=&#8221;1\/3&#8243;][vc_empty_space height=&#8221;20px&#8221;][vc_single_image image=&#8221;9122&#8243; img_size=&#8221;600&#215;400&#8243; alignment=&#8221;center&#8221;][vc_column_text] Dostava i na izolirane otoke, na kojima, gdje je to mogu\u0107e imamo specijalizirano vozilo i zposlenika koji \u0107e Vam dostaviti robu na Va\u0161 prag i u\u0161tedjeti Vam zna\u010dajnu koli\u010dinu vremena. [\/vc_column_text][vc_empty_space height=&#8221;20px&#8221;][\/vc_column][vc_column width=&#8221;1\/3&#8243;][vc_empty_space height=&#8221;20px&#8221;][vc_single_image image=&#8221;9554&#8243; img_size=&#8221;600&#215;400&#8243; alignment=&#8221;center&#8221;][vc_column_text]ATP FNAX certifikat potvr\u0111uje da je izotermalni spremnik napravljen za prijevoz i skladi\u0161tenje<\/p>\n","protected":false},"author":1,"featured_media":0,"parent":0,"menu_order":0,"comment_status":"closed","ping_status":"closed","template":"full-width.php","meta":[],"_links":{"self":[{"href":"https:\/\/labrako.hr\/home\/wp-json\/wp\/v2\/pages\/9097"}],"collection":[{"href":"https:\/\/labrako.hr\/home\/wp-json\/wp\/v2\/pages"}],"about":[{"href":"https:\/\/labrako.hr\/home\/wp-json\/wp\/v2\/types\/page"}],"author":[{"embeddable":true,"href":"https:\/\/labrako.hr\/home\/wp-json\/wp\/v2\/users\/1"}],"replies":[{"embeddable":true,"href":"https:\/\/labrako.hr\/home\/wp-json\/wp\/v2\/comments?post=9097"}],"version-history":[{"count":44,"href":"https:\/\/labrako.hr\/home\/wp-json\/wp\/v2\/pages\/9097\/revisions"}],"predecessor-version":[{"id":9629,"href":"https:\/\/labrako.hr\/home\/wp-json\/wp\/v2\/pages\/9097\/revisions\/9629"}],"wp:attachment":[{"href":"https:\/\/labrako.hr\/home\/wp-json\/wp\/v2\/media?parent=9097"}],"curies":[{"name":"wp","href":"https:\/\/api.w.org\/{rel}","templated":true}]}}