{"id":8839,"date":"2019-12-14T15:20:13","date_gmt":"2019-12-14T14:20:13","guid":{"rendered":"http:\/\/labrako.hr\/home\/?page_id=8839"},"modified":"2023-11-02T08:27:06","modified_gmt":"2023-11-02T07:27:06","slug":"usluge","status":"publish","type":"page","link":"https:\/\/labrako.hr\/home\/usluge\/","title":{"rendered":"Usluge"},"content":{"rendered":"<div class=\"wpb-content-wrapper\"><p>[vc_row content_text_aligment=&#8221;center&#8221; css=&#8221;.vc_custom_1480519709831{padding-top: 120px !important;padding-bottom: 92px !important;}&#8221;][vc_column][vc_row_inner row_content_width=&#8221;grid&#8221; content_text_aligment=&#8221;center&#8221;][vc_column_inner]<div class=\"eltdf-section-title-holder\" >\n\t\t\t<h2 class=\"eltdf-st-title\" >\n\t\t\t<span>Usluge prerade ribe koje pru\u017eamo na\u0161im klijentima<\/span>\n\t\t<\/h2>\n\t\t\t\t<h5 class=\"eltdf-st-text\" >Labrako d.o.o. ima vlastiti registrirani pogon za preradu i komore za skladi\u0161tenje koje su sufinancirane iz Europskog fonda za pomorstvo i ribarstvo (EFPR) i opremljene najsuvremenijom opremom. Pogon se sastoji od predprostora, prostora za preradu u kontroliranim uvjetima do 12 \u1d52C, komore plus re\u017eim 0-8 \u1d52C i komora minus re\u017eim -30 \u1d52C.<\/h5>\n\t<\/div>[vc_empty_space][\/vc_column_inner][\/vc_row_inner][vc_row_inner row_content_width=&#8221;grid&#8221;][vc_column_inner width=&#8221;1\/2&#8243;]<div class=\"eltdf-image-with-text-holder\">\n    <div class=\"eltdf-iwt-image\">\n                    <a itemprop=\"image\" href=\"https:\/\/labrako.hr\/home\/wp-content\/uploads\/2023\/11\/Fileti-jadranske-orade1-2.jpg\" data-rel=\"prettyPhoto[single_pretty_photo]\" title=\"\">\n                                    <img src=\"https:\/\/labrako.hr\/home\/wp-content\/uploads\/2023\/11\/Fileti-jadranske-orade1-2-660x440.jpg\" alt=\"\" width=\"660\" height=\"440\" \/>                                <\/a>\n            <\/div>\n    <div class=\"eltdf-iwt-text-holder\">\n                    <h3 class=\"eltdf-iwt-title\" style=\"color: #28a9e2\">Usluge filetiranja ribe<\/h3>\n        \t\t            <p class=\"eltdf-iwt-text\" >Usluge filetiranja ribe, u na\u0161em registriranom pogonu za preradu ribe filetiramo orade, brancine, osli\u0107e, sku\u0161e, srdele, in\u0107une, losose i mnoge druge vrste ribe.<\/p>\n            <\/div>\n<\/div>[vc_empty_space][\/vc_column_inner][vc_column_inner width=&#8221;1\/2&#8243;]<div class=\"eltdf-image-with-text-holder\">\n    <div class=\"eltdf-iwt-image\">\n                    <a itemprop=\"image\" href=\"https:\/\/labrako.hr\/home\/wp-content\/uploads\/2023\/11\/Ciscenje-1.jpg\" data-rel=\"prettyPhoto[single_pretty_photo]\" title=\"\">\n                                    <img src=\"https:\/\/labrako.hr\/home\/wp-content\/uploads\/2023\/11\/Ciscenje-1-660x440.jpg\" alt=\"\" width=\"660\" height=\"440\" \/>                                <\/a>\n            <\/div>\n    <div class=\"eltdf-iwt-text-holder\">\n                    <h3 class=\"eltdf-iwt-title\" style=\"color: #28a9e2\">Usluge \u010di\u0161\u0107enja ribe<\/h3>\n        \t\t            <p class=\"eltdf-iwt-text\" >Usluge \u010di\u0161\u0107enja ribe, u na\u0161em registriranom pogonu za preradu ribe \u010distimo orade, brancine, osli\u0107e, sku\u0161e, srdele, in\u0107une, kozice i mnoge druge vrste ribe.<\/p>\n            <\/div>\n<\/div>[vc_empty_space][\/vc_column_inner][\/vc_row_inner][vc_row_inner row_content_width=&#8221;grid&#8221;][vc_column_inner width=&#8221;1\/2&#8243;]<div class=\"eltdf-image-with-text-holder\">\n    <div class=\"eltdf-iwt-image\">\n                    <a itemprop=\"image\" href=\"https:\/\/labrako.hr\/home\/wp-content\/uploads\/2023\/11\/Fileti-jadranske-orade6.jpg\" data-rel=\"prettyPhoto[single_pretty_photo]\" title=\"\">\n                                    <img src=\"https:\/\/labrako.hr\/home\/wp-content\/uploads\/2023\/11\/Fileti-jadranske-orade6-660x440.jpg\" alt=\"\" width=\"660\" height=\"440\" \/>                                <\/a>\n            <\/div>\n    <div class=\"eltdf-iwt-text-holder\">\n                    <h3 class=\"eltdf-iwt-title\" style=\"color: #28a9e2\">Usluge pakiranja ribe<\/h3>\n        \t\t            <p class=\"eltdf-iwt-text\" >Usluge pakiranja ribe, u na\u0161em registriranom pogonu za preradu ribe pakiramo ribu i proizvode ribarstva. U ponudi su vakuum pakiranja bez i sa podlo\u0161kom.<\/p>\n            <\/div>\n<\/div>[vc_empty_space][\/vc_column_inner][vc_column_inner width=&#8221;1\/2&#8243;]<div class=\"eltdf-image-with-text-holder\">\n    <div class=\"eltdf-iwt-image\">\n                    <a itemprop=\"image\" href=\"https:\/\/labrako.hr\/home\/wp-content\/uploads\/2023\/11\/Odmrzavanje.jpg\" data-rel=\"prettyPhoto[single_pretty_photo]\" title=\"\">\n                                    <img src=\"https:\/\/labrako.hr\/home\/wp-content\/uploads\/2023\/11\/Odmrzavanje-660x440.jpg\" alt=\"\" width=\"660\" height=\"440\" \/>                                <\/a>\n            <\/div>\n    <div class=\"eltdf-iwt-text-holder\">\n                    <h3 class=\"eltdf-iwt-title\" style=\"color: #28a9e2\">Usluge odmrzavanja ribe<\/h3>\n        \t\t            <p class=\"eltdf-iwt-text\" >Usluge odmrzavanja ribe, u na\u0161em registriranom pogonu za preradu ribe odmrzavamo ribu i proizvode ribarstva. Nakon raspakiravanja, riba se stavlja na inox police koje imaju rupice kroz koje otje\u010de glazura te se zatim police sa ribom odla\u017eu u komoru 0-8 C. Nakon odmrzavanja riba se pakira u ka\u0161ete i dodaje se mrvljeni led kako bi odr\u017eavao ribu na temperaturi blizu 0 C.<\/p>\n            <\/div>\n<\/div>[vc_empty_space][\/vc_column_inner][\/vc_row_inner][\/vc_column][\/vc_row]<\/p>\n<\/div>","protected":false},"excerpt":{"rendered":"<p>[vc_row content_text_aligment=&#8221;center&#8221; css=&#8221;.vc_custom_1480519709831{padding-top: 120px !important;padding-bottom: 92px !important;}&#8221;][vc_column][vc_row_inner row_content_width=&#8221;grid&#8221; content_text_aligment=&#8221;center&#8221;][vc_column_inner][vc_empty_space][\/vc_column_inner][\/vc_row_inner][vc_row_inner row_content_width=&#8221;grid&#8221;][vc_column_inner width=&#8221;1\/2&#8243;][vc_empty_space][\/vc_column_inner][vc_column_inner width=&#8221;1\/2&#8243;][vc_empty_space][\/vc_column_inner][\/vc_row_inner][vc_row_inner row_content_width=&#8221;grid&#8221;][vc_column_inner width=&#8221;1\/2&#8243;][vc_empty_space][\/vc_column_inner][vc_column_inner width=&#8221;1\/2&#8243;][vc_empty_space][\/vc_column_inner][\/vc_row_inner][\/vc_column][\/vc_row]<\/p>\n","protected":false},"author":1,"featured_media":0,"parent":0,"menu_order":0,"comment_status":"closed","ping_status":"closed","template":"full-width.php","meta":[],"_links":{"self":[{"href":"https:\/\/labrako.hr\/home\/wp-json\/wp\/v2\/pages\/8839"}],"collection":[{"href":"https:\/\/labrako.hr\/home\/wp-json\/wp\/v2\/pages"}],"about":[{"href":"https:\/\/labrako.hr\/home\/wp-json\/wp\/v2\/types\/page"}],"author":[{"embeddable":true,"href":"https:\/\/labrako.hr\/home\/wp-json\/wp\/v2\/users\/1"}],"replies":[{"embeddable":true,"href":"https:\/\/labrako.hr\/home\/wp-json\/wp\/v2\/comments?post=8839"}],"version-history":[{"count":11,"href":"https:\/\/labrako.hr\/home\/wp-json\/wp\/v2\/pages\/8839\/revisions"}],"predecessor-version":[{"id":9631,"href":"https:\/\/labrako.hr\/home\/wp-json\/wp\/v2\/pages\/8839\/revisions\/9631"}],"wp:attachment":[{"href":"https:\/\/labrako.hr\/home\/wp-json\/wp\/v2\/media?parent=8839"}],"curies":[{"name":"wp","href":"https:\/\/api.w.org\/{rel}","templated":true}]}}