{"id":5258,"date":"2016-11-22T15:04:01","date_gmt":"2016-11-22T14:04:01","guid":{"rendered":"http:\/\/superfood.elated-themes.com\/?page_id=5258"},"modified":"2023-11-02T08:14:01","modified_gmt":"2023-11-02T07:14:01","slug":"labrako","status":"publish","type":"page","link":"https:\/\/labrako.hr\/home\/","title":{"rendered":"Labrako"},"content":{"rendered":"<div class=\"wpb-content-wrapper\"><p>[vc_row css=&#8221;.vc_custom_1688108056359{margin-top: -40px !important;margin-right: -40px !important;margin-bottom: -40px !important;margin-left: -40px !important;padding-top: 0px !important;padding-right: 0px !important;padding-bottom: 0px !important;padding-left: 0px !important;background-position: center !important;background-repeat: no-repeat !important;background-size: cover !important;}&#8221;][vc_column parallax=&#8221;content-moving-fade&#8221; css=&#8221;.vc_custom_1698172542982{background-position: center !important;background-repeat: no-repeat !important;background-size: cover !important;}&#8221; el_class=&#8221;Po\u010detna&#8221;][vc_cta h2=&#8221;Prerada i veletrgovina svje\u017ee i smrznute ribe&#8221; h2_font_container=&#8221;tag:h3|font_size:40|text_align:center|color:%23ffffff&#8221; h2_google_fonts=&#8221;font_family:Raleway%3A100%2C200%2C300%2Cregular%2C500%2C600%2C700%2C800%2C900|font_style:600%20bold%20regular%3A600%3Anormal&#8221; h2_css_animation=&#8221;none&#8221; h4=&#8221;Usluge odmrzavanja, pakiranja, \u010di\u0161\u0107enja i filetiranja&#8221; h4_font_container=&#8221;tag:h3|font_size:30|text_align:center|color:%23ffffff&#8221; h4_google_fonts=&#8221;font_family:Raleway%3A100%2C200%2C300%2Cregular%2C500%2C600%2C700%2C800%2C900|font_style:600%20bold%20regular%3A600%3Anormal&#8221; txt_align=&#8221;center&#8221; shape=&#8221;square&#8221; style=&#8221;flat&#8221; add_button=&#8221;bottom&#8221; btn_title=&#8221;Kontakt&#8221; btn_style=&#8221;classic&#8221; btn_shape=&#8221;square&#8221; btn_color=&#8221;black&#8221; btn_align=&#8221;center&#8221; btn_css_animation=&#8221;fadeInLeft&#8221; use_custom_fonts_h2=&#8221;true&#8221; use_custom_fonts_h4=&#8221;true&#8221; btn_link=&#8221;url:https%3A%2F%2Flabrako.hr%2Fhome%2Fkontakt%2F|title:Kontakt&#8221; css=&#8221;.vc_custom_1698909165736{padding-top: 200px !important;padding-bottom: 200px !important;background-image: url(http:\/\/labrako.hr\/home\/wp-content\/uploads\/2023\/08\/Veletrgovina-i-prerada-ribe2.jpg?id=9439) !important;background-position: center !important;background-repeat: no-repeat !important;background-size: cover !important;}&#8221;][\/vc_cta][\/vc_column][\/vc_row][vc_row url=&#8221;url:https%3A%2F%2Flabrako.hr%2Fhome%2Friba_ponuda%2F|title:Riba%20i%20ostala%20ponuda&#8221; css=&#8221;.vc_custom_1698869796773{margin-top: -100px !important;padding-top: 50px !important;padding-bottom: 50px !important;background-color: #0a0a0a !important;}&#8221;][vc_column css=&#8221;.vc_custom_1698172550875{padding-top: 20px !important;padding-bottom: 20px !important;}&#8221; el_class=&#8221;Po\u010detna&#8221;]<div class=\"eltdf-section-title-holder\" style=\"text-align: center\">\n\t\t\t<h2 class=\"eltdf-st-title\" style=\"color: #ffffff\">\n\t\t\t<span>Na\u0161a ponuda prilago\u0111ena je potrebama na\u0161ih HORECA (hoteli, restorani, catering) kupaca<\/span>\n\t\t<\/h2>\n\t\t\t\t<h5 class=\"eltdf-st-text\" style=\"color: #ffffff;margin-top: 15px\">Izaberite iz Labrako \u0161iroke ponude kvalitetne svje\u017ee i svje\u017ee smrznute ribe, meku\u0161aca, rakova i \u0161koljki.<\/h5>\n\t<\/div>[\/vc_column][\/vc_row][vc_row content_text_aligment=&#8221;center&#8221; css=&#8221;.vc_custom_1576531605215{padding-top: 0px !important;padding-bottom: 92px !important;}&#8221;][vc_column el_class=&#8221;Po\u010detna&#8221;][vc_row_inner row_content_width=&#8221;grid&#8221;][vc_column_inner width=&#8221;1\/4&#8243; url=&#8221;|title:Proizvodi||&#8221;][vc_single_image image=&#8221;9447&#8243; img_size=&#8221;600&#215;400&#8243; alignment=&#8221;center&#8221; onclick=&#8221;zoom&#8221;][vc_empty_space height=&#8221;30px&#8221;]<div class=\"eltdf-section-title-holder\" style=\"text-align: left\">\n\t\t\t<h3 class=\"eltdf-st-title\" >\n\t\t\t<span>Svje\u017ea riba<\/span>\n\t\t<\/h3>\n\t\t\t\t<h5 class=\"eltdf-st-text\" >Svje\u017ea divlja jadranska riba ulovljena od strane na\u0161ih ribara. Svje\u017ea jadranska riba iz uzgoja. Svje\u017ea uvozna riba probrana iz najboljih svjetskih ribolovnih podru\u010dja.<\/h5>\n\t<\/div>[vc_empty_space height=&#8221;40px&#8221;][\/vc_column_inner][vc_column_inner width=&#8221;1\/4&#8243; url=&#8221;|title:Proizvodi||&#8221;][vc_single_image image=&#8221;9443&#8243; img_size=&#8221;600&#215;400&#8243; alignment=&#8221;center&#8221; onclick=&#8221;zoom&#8221;][vc_empty_space height=&#8221;30px&#8221;]<div class=\"eltdf-section-title-holder\" style=\"text-align: left\">\n\t\t\t<h3 class=\"eltdf-st-title\" >\n\t\t\t<span>Svje\u017ee smrznuta jadranska riba<\/span>\n\t\t<\/h3>\n\t\t\t\t<h5 class=\"eltdf-st-text\" >Svje\u017ee smrznuta jadranska riba ulovljena od strane na\u0161ih ribara, pakirana u vakuum pakiranja i smrznuta teku\u0107im du\u0161ikom te skladi\u0161tena na -30 C.<\/h5>\n\t<\/div>[vc_empty_space height=&#8221;40px&#8221;][\/vc_column_inner][vc_column_inner width=&#8221;1\/4&#8243; url=&#8221;|title:Proizvodi||&#8221;][vc_single_image image=&#8221;9445&#8243; img_size=&#8221;600&#215;400&#8243; alignment=&#8221;center&#8221; onclick=&#8221;zoom&#8221;][vc_empty_space height=&#8221;30px&#8221;]<div class=\"eltdf-section-title-holder\" style=\"text-align: left\">\n\t\t\t<h3 class=\"eltdf-st-title\" >\n\t\t\t<span>Rakovi i \u0161koljke<\/span>\n\t\t<\/h3>\n\t\t\t\t<h5 class=\"eltdf-st-text\" >Jadranske kozice o\u010di\u0161\u0107ene u na\u0161em pogonu za preradu, vakumirane i smrznute. Poslujemo s provjerenim dobavlja\u010dima rakova iz hladnog mora. \u0160kampi svih pecatura. Jakobove kapice, dagnje iz Novigradskog mora.<\/h5>\n\t<\/div>[vc_empty_space height=&#8221;40px&#8221;][\/vc_column_inner][vc_column_inner width=&#8221;1\/4&#8243; url=&#8221;|title:Proizvodi||&#8221;][vc_single_image image=&#8221;9199&#8243; img_size=&#8221;600&#215;500&#8243; alignment=&#8221;center&#8221; onclick=&#8221;zoom&#8221;][vc_empty_space height=&#8221;30px&#8221;]<div class=\"eltdf-section-title-holder\" style=\"text-align: left\">\n\t\t\t<h3 class=\"eltdf-st-title\" >\n\t\t\t<span>Fileti bijele ribe<\/span>\n\t\t<\/h3>\n\t\t\t\t<h5 class=\"eltdf-st-text\" >Fileti bijele ribe, vakumirani i brzo zamrznuti, spremni za pripremu. Fileti orade, brancina, kova\u010da, kokota, gofa.<\/h5>\n\t<\/div>[vc_empty_space height=&#8221;40px&#8221;][\/vc_column_inner][\/vc_row_inner][vc_row_inner row_content_width=&#8221;grid&#8221;][vc_column_inner width=&#8221;1\/4&#8243; url=&#8221;|title:Proizvodi||&#8221;][vc_single_image image=&#8221;9450&#8243; img_size=&#8221;600&#215;400&#8243; alignment=&#8221;center&#8221; onclick=&#8221;zoom&#8221;][vc_empty_space height=&#8221;30px&#8221;]<div class=\"eltdf-section-title-holder\" style=\"text-align: left\">\n\t\t\t<h3 class=\"eltdf-st-title\" >\n\t\t\t<span>Meku\u0161ci<\/span>\n\t\t<\/h3>\n\t\t\t\t<h5 class=\"eltdf-st-text\" >\u0160iroka ponuda meku\u0161aca, od svje\u017ee smrznute hobotnice, jadranskih lignji, sipe do kuhanih krakova hobotnice, kockica sipe i paniranih i pobra\u0161njenih lignji.<\/h5>\n\t<\/div>[vc_empty_space height=&#8221;40px&#8221;][\/vc_column_inner][vc_column_inner width=&#8221;1\/4&#8243; url=&#8221;|title:Proizvodi||&#8221;][vc_single_image image=&#8221;9259&#8243; img_size=&#8221;600&#215;400&#8243; alignment=&#8221;center&#8221; onclick=&#8221;zoom&#8221;][vc_empty_space height=&#8221;30px&#8221;]<div class=\"eltdf-section-title-holder\" style=\"text-align: left\">\n\t\t\t<h3 class=\"eltdf-st-title\" >\n\t\t\t<span>Ponuda za sushi-wok<\/span>\n\t\t<\/h3>\n\t\t\t\t<h5 class=\"eltdf-st-text\" >U ponudi imamo \u0161iroki asortiman za restorane azijske kuhinje, kozice, tuna sashimi, losos, panirane kozice.<\/h5>\n\t<\/div>[vc_empty_space height=&#8221;40px&#8221;][\/vc_column_inner][vc_column_inner width=&#8221;1\/4&#8243; url=&#8221;|title:Proizvodi||&#8221;][vc_single_image image=&#8221;9451&#8243; img_size=&#8221;600&#215;400&#8243; alignment=&#8221;center&#8221; onclick=&#8221;zoom&#8221;][vc_empty_space height=&#8221;30px&#8221;]<div class=\"eltdf-section-title-holder\" style=\"text-align: left\">\n\t\t\t<h3 class=\"eltdf-st-title\" >\n\t\t\t<span>Meso<\/span>\n\t\t<\/h3>\n\t\t\t\t<h5 class=\"eltdf-st-text\" >U ponudi imamo biftek porcionirani Mignon, June\u0107i but frikando, Ramsteak porcionirani, Rib-eye steak, T-bone odrezak i Tomahawk steak.<\/h5>\n\t<\/div>[vc_empty_space height=&#8221;40px&#8221;][\/vc_column_inner][vc_column_inner width=&#8221;1\/4&#8243; url=&#8221;|title:Proizvodi||&#8221;][vc_single_image image=&#8221;9452&#8243; img_size=&#8221;600&#215;400&#8243; alignment=&#8221;center&#8221; onclick=&#8221;zoom&#8221;][vc_empty_space height=&#8221;30px&#8221;]<div class=\"eltdf-section-title-holder\" style=\"text-align: left\">\n\t\t\t<h3 class=\"eltdf-st-title\" >\n\t\t\t<span>Krumpir<\/span>\n\t\t<\/h3>\n\t\t\t\t<h5 class=\"eltdf-st-text\" >U ponudi imamo Pomfrit Grip n Dip, Pomfrit Juliene 7mm, Pomfrit Sautes plo\u0161ke, Pomfrit Wedges, Pomfrit Dipp Doll chips.<\/h5>\n\t<\/div>[vc_empty_space height=&#8221;40px&#8221;][\/vc_column_inner][\/vc_row_inner][vc_row_inner row_content_width=&#8221;grid&#8221; url=&#8221;url:https%3A%2F%2Flabrako.hr%2Fhome%2Fusluge%2F|title:Usluge&#8221;][vc_column_inner el_class=&#8221;Po\u010detna&#8221; url=&#8221;|title:Proizvodi||&#8221;][vc_empty_space height=&#8221;30px&#8221;]<div class=\"eltdf-section-title-holder\" style=\"text-align: left\">\n\t\t\t<h3 class=\"eltdf-st-title\" >\n\t\t\t<span>Usluge<\/span>\n\t\t<\/h3>\n\t\t\t\t<h5 class=\"eltdf-st-text\" >U vlastitom pogonu za preradu pru\u017eamo i uslugu pakiranja, \u010di\u0161\u0107enja, filetiranja, odmrzavanja proizvoda ribarstva.<\/h5>\n\t<\/div>[vc_empty_space height=&#8221;40px&#8221;][\/vc_column_inner][\/vc_row_inner][\/vc_column][\/vc_row][vc_row row_type=&#8221;parallax&#8221; content_text_aligment=&#8221;center&#8221; enable_first_overlay=&#8221;true&#8221; first_overlay_opacity=&#8221;25&#8243; first_background_color=&#8221;#ffffff&#8221; enable_parallax=&#8221;true&#8221; parallax_background_image=&#8221;5277&#8243; css=&#8221;.vc_custom_1576533919054{padding-top: 151px !important;padding-bottom: 170px !important;background-image: url(http:\/\/labrako.hr\/home\/wp-content\/uploads\/2019\/11\/prawns-2348933_1920.jpg?id=8810) !important;}&#8221;][vc_column css=&#8221;.vc_custom_1698172571875{padding-top: 10px !important;padding-bottom: 10px !important;}&#8221; el_class=&#8221;Po\u010detna&#8221;]<div class=\"eltdf-elements-holder eltdf-responsive-mode-768\" ><div class=\"eltdf-eh-item \" data-item-class=\"eltdf-eh-custom-509924\" data-1280-1600=\"0 18% 0 18%\" data-1024-1280=\"0 14% 0 14%\" data-600-768=\"0 13% 0 13%\" data-480=\"0 9% 0 9%\" >\n\t<div class=\"eltdf-eh-item-inner\" style=\"background-color: rgba(255,255,255,0.56)\">\n\t\t<div class=\"eltdf-eh-item-content eltdf-eh-custom-509924\" style=\"padding: 15% 23% 15% 23%\">\n\t\t\t[vc_empty_space height=&#8221;32&#8243;]<div class=\"eltdf-section-title-holder\" >\n\t\t\t<h2 class=\"eltdf-st-title\" style=\"color: #263341\">\n\t\t\t<span>Labrako d.o.o.<\/span>\n\t\t<\/h2>\n\t\t\t\t<h5 class=\"eltdf-st-text\" style=\"color: #263341\">Labrako d.o.o. je tvrtka specijalizirana za preradu i trgovinu ribom i ribljim proizvodima osnovana 2016. godine. U razdoblju od osnivanja do danas pro\u0161irili smo djelatnosti na prvokup ribe od ribara, preradu ribe u vlastitom pogonu za preradu, veletrgovinu ribe, usluge \u010di\u0161\u0107enja, filetiranja, pakiranja i odmrzavanja ribe i ostalih proizvoda ribarstva te maloprodaja ribe u na\u0161oj ribarnici u Zagrebu.<\/h5>\n\t<\/div>[vc_empty_space height=&#8221;32&#8243;]<a itemprop=\"url\" href=\"http:\/\/labrako.hr\/home\/o_nama\/\" target=\"_self\" style=\"background-color: #263341;border-color: #263341\" class=\"eltdf-btn eltdf-btn-medium eltdf-btn-solid eltdf-btn-custom-hover-bg eltdf-btn-custom-border-hover eltdf-btn-animation\" data-hover-bg-color=\"#28a9e2\" data-hover-border-color=\"#28a9e2\" >\n    <span class=\"eltdf-btn-text\">\n    Vi\u0161e        \t<span class=\"eltdf-btn-bottom-line\"><\/span>\n    \t<span class=\"eltdf-btn-upper-line\"><\/span>\n        <\/span>\n    <\/a>[vc_empty_space height=&#8221;32&#8243;]\t\t<\/div>\n\t<\/div>\n<\/div><\/div>[\/vc_column][\/vc_row][vc_row css=&#8221;.vc_custom_1576533566664{padding-top: 25px !important;padding-bottom: 55px !important;background-color: #263341 !important;}&#8221;][vc_column css=&#8221;.vc_custom_1474281536962{padding-top: 0px !important;}&#8221;][vc_row_inner css=&#8221;.vc_custom_1576532635741{background-color: #263341 !important;}&#8221;][vc_column_inner]<div class=\"eltdf-elements-holder eltdf-responsive-mode-768\" ><div class=\"eltdf-eh-item \" data-item-class=\"eltdf-eh-custom-125264\" data-1280-1600=\"0% 25% 0% 25%\" data-1024-1280=\"0% 19% 0% 19%\" data-768-1024=\"0% 6% 0% 6%\" data-600-768=\"0% 6% 0% 6%\" data-480-600=\"0% 0% 0% 0%\" data-480=\"0 0 0 0\" >\n\t<div class=\"eltdf-eh-item-inner\" >\n\t\t<div class=\"eltdf-eh-item-content eltdf-eh-custom-125264\" style=\"padding: 0% 23% 0% 23%\">\n\t\t\t<div class=\"eltdf-section-title-holder\" style=\"text-align: center\">\n\t\t\t<h3 class=\"eltdf-st-title\" style=\"color: #ffffff\">\n\t\t\t<span>Za\u0161to odabrati Labrako?<\/span>\n\t\t<\/h3>\n\t\t\t\t<h5 class=\"eltdf-st-text\" >Po\u010detna stranica pru\u017eiti \u0107e Vam osnovne informacije o nama.<\/h5>\n\t<\/div>\t\t<\/div>\n\t<\/div>\n<\/div><\/div>[\/vc_column_inner][\/vc_row_inner][\/vc_column][\/vc_row][vc_row content_text_aligment=&#8221;center&#8221; css=&#8221;.vc_custom_1576533627492{padding-top: 30px !important;padding-right: 100px !important;padding-bottom: 92px !important;padding-left: 100px !important;}&#8221;][vc_column width=&#8221;1\/4&#8243;][vc_icon icon_fontawesome=&#8221;fa fa-anchor&#8221; color=&#8221;custom&#8221; size=&#8221;xl&#8221; align=&#8221;center&#8221; custom_color=&#8221;#263341&#8243;][vc_column_text]<\/p>\n<p style=\"text-align: left;\">Vr\u0161imo prvokup ribe i ostalih proizvoda ribarstva direktno od na\u0161ih jadranskih ribara. Prilikom preuzimanja ribe i njenog transporta vr\u0161imo strogu kontrolu kvalitete sukladno HACCP standardima. <a href=\"https:\/\/labrako.hr\/home\/tehnologija\/\">Saznajte vi\u0161e&#8230;<\/a><\/p>\n<p>[\/vc_column_text][\/vc_column][vc_column width=&#8221;1\/4&#8243;][vc_icon icon_fontawesome=&#8221;fa fa-snowflake-o&#8221; color=&#8221;custom&#8221; size=&#8221;xl&#8221; align=&#8221;center&#8221; custom_color=&#8221;#263341&#8243;][vc_column_text]<\/p>\n<p style=\"text-align: left;\">Odmah po dolasku u na\u0161 pogon za preradu koristimo tehnologiju brzog zamrzavanja teku\u0107im du\u0161ikom, kojom zadr\u017eavamo kvalitetu i okus ribe. Na ovaj na\u010din ne stvaraju se veliki kristali leda unutar ribe i morskih plodova \u0161to dovodi do o\u010duvanja teksture tkiva i samim time kvalitete proizvoda. <a href=\"https:\/\/labrako.hr\/home\/tehnologija\/\">Saznajte vi\u0161e&#8230;<\/a><\/p>\n<p>[\/vc_column_text][\/vc_column][vc_column width=&#8221;1\/4&#8243;][vc_icon icon_fontawesome=&#8221;fa fa-home&#8221; color=&#8221;custom&#8221; size=&#8221;xl&#8221; align=&#8221;center&#8221; custom_color=&#8221;#263341&#8243;][vc_column_text]<\/p>\n<p style=\"text-align: left;\">Na\u0161e proizvode skladi\u0161timo po najvi\u0161im standardima uz implementiran HACCP sustav kontrole sigurnosti hrane \u0161to prati stalna interna kontrola kvalitete proizvoda. <a href=\"https:\/\/labrako.hr\/home\/tehnologija\/\">Saznajte vi\u0161e&#8230;<\/a><\/p>\n<p>[\/vc_column_text][\/vc_column][vc_column width=&#8221;1\/4&#8243;][vc_icon icon_fontawesome=&#8221;fa fa-truck&#8221; color=&#8221;custom&#8221; size=&#8221;xl&#8221; align=&#8221;center&#8221; custom_color=&#8221;#263341&#8243;][vc_column_text]<\/p>\n<p style=\"text-align: left;\">Posjedujemo flotu specijaliziranih dostavnih vozila koji garantiraju vlastiti hladni lanac. Vlastita logistika omogu\u0107uje nam transport na\u0161ih proizvoda od mjesta skladi\u0161tenja ravno do Va\u0161ih vrata. <a href=\"https:\/\/labrako.hr\/home\/dostava\/\">Saznajte vi\u0161e&#8230;<\/a><\/p>\n<p>[\/vc_column_text][\/vc_column][\/vc_row]<\/p>\n<\/div>","protected":false},"excerpt":{"rendered":"<p>[vc_row css=&#8221;.vc_custom_1688108056359{margin-top: -40px !important;margin-right: -40px !important;margin-bottom: -40px !important;margin-left: -40px !important;padding-top: 0px !important;padding-right: 0px !important;padding-bottom: 0px !important;padding-left: 0px !important;background-position: center !important;background-repeat: no-repeat !important;background-size: cover !important;}&#8221;][vc_column parallax=&#8221;content-moving-fade&#8221; css=&#8221;.vc_custom_1698172542982{background-position: center !important;background-repeat: no-repeat !important;background-size: cover !important;}&#8221; el_class=&#8221;Po\u010detna&#8221;][vc_cta h2=&#8221;Prerada i veletrgovina svje\u017ee i smrznute ribe&#8221; h2_font_container=&#8221;tag:h3|font_size:40|text_align:center|color:%23ffffff&#8221; h2_google_fonts=&#8221;font_family:Raleway%3A100%2C200%2C300%2Cregular%2C500%2C600%2C700%2C800%2C900|font_style:600%20bold%20regular%3A600%3Anormal&#8221; h2_css_animation=&#8221;none&#8221; h4=&#8221;Usluge odmrzavanja, pakiranja, \u010di\u0161\u0107enja i filetiranja&#8221; h4_font_container=&#8221;tag:h3|font_size:30|text_align:center|color:%23ffffff&#8221; h4_google_fonts=&#8221;font_family:Raleway%3A100%2C200%2C300%2Cregular%2C500%2C600%2C700%2C800%2C900|font_style:600%20bold%20regular%3A600%3Anormal&#8221; txt_align=&#8221;center&#8221; shape=&#8221;square&#8221; style=&#8221;flat&#8221; add_button=&#8221;bottom&#8221; btn_title=&#8221;Kontakt&#8221; btn_style=&#8221;classic&#8221; btn_shape=&#8221;square&#8221; btn_color=&#8221;black&#8221; btn_align=&#8221;center&#8221; btn_css_animation=&#8221;fadeInLeft&#8221; use_custom_fonts_h2=&#8221;true&#8221; use_custom_fonts_h4=&#8221;true&#8221; btn_link=&#8221;url:https%3A%2F%2Flabrako.hr%2Fhome%2Fkontakt%2F|title:Kontakt&#8221; css=&#8221;.vc_custom_1698909165736{padding-top: 200px !important;padding-bottom: 200px !important;background-image: url(http:\/\/labrako.hr\/home\/wp-content\/uploads\/2023\/08\/Veletrgovina-i-prerada-ribe2.jpg?id=9439) !important;background-position: center !important;background-repeat: no-repeat !important;background-size: cover !important;}&#8221;][\/vc_cta][\/vc_column][\/vc_row][vc_row url=&#8221;url:https%3A%2F%2Flabrako.hr%2Fhome%2Friba_ponuda%2F|title:Riba%20i%20ostala%20ponuda&#8221; css=&#8221;.vc_custom_1698869796773{margin-top: -100px !important;padding-top: 50px !important;padding-bottom: 50px !important;background-color: #0a0a0a !important;}&#8221;][vc_column css=&#8221;.vc_custom_1698172550875{padding-top: 20px !important;padding-bottom: 20px !important;}&#8221; el_class=&#8221;Po\u010detna&#8221;][\/vc_column][\/vc_row][vc_row content_text_aligment=&#8221;center&#8221; css=&#8221;.vc_custom_1576531605215{padding-top: 0px !important;padding-bottom: 92px !important;}&#8221;][vc_column el_class=&#8221;Po\u010detna&#8221;][vc_row_inner row_content_width=&#8221;grid&#8221;][vc_column_inner width=&#8221;1\/4&#8243; url=&#8221;|title:Proizvodi||&#8221;][vc_single_image image=&#8221;9447&#8243; img_size=&#8221;600&#215;400&#8243; alignment=&#8221;center&#8221; onclick=&#8221;zoom&#8221;][vc_empty_space height=&#8221;30px&#8221;][vc_empty_space height=&#8221;40px&#8221;][\/vc_column_inner][vc_column_inner width=&#8221;1\/4&#8243; url=&#8221;|title:Proizvodi||&#8221;][vc_single_image image=&#8221;9443&#8243; img_size=&#8221;600&#215;400&#8243; alignment=&#8221;center&#8221; onclick=&#8221;zoom&#8221;][vc_empty_space height=&#8221;30px&#8221;][vc_empty_space height=&#8221;40px&#8221;][\/vc_column_inner][vc_column_inner width=&#8221;1\/4&#8243; url=&#8221;|title:Proizvodi||&#8221;][vc_single_image image=&#8221;9445&#8243; img_size=&#8221;600&#215;400&#8243; alignment=&#8221;center&#8221; onclick=&#8221;zoom&#8221;][vc_empty_space height=&#8221;30px&#8221;][vc_empty_space height=&#8221;40px&#8221;][\/vc_column_inner][vc_column_inner width=&#8221;1\/4&#8243; url=&#8221;|title:Proizvodi||&#8221;][vc_single_image image=&#8221;9199&#8243; img_size=&#8221;600&#215;500&#8243; alignment=&#8221;center&#8221; onclick=&#8221;zoom&#8221;][vc_empty_space height=&#8221;30px&#8221;][vc_empty_space height=&#8221;40px&#8221;][\/vc_column_inner][\/vc_row_inner][vc_row_inner row_content_width=&#8221;grid&#8221;][vc_column_inner width=&#8221;1\/4&#8243; url=&#8221;|title:Proizvodi||&#8221;][vc_single_image image=&#8221;9450&#8243; img_size=&#8221;600&#215;400&#8243; alignment=&#8221;center&#8221; onclick=&#8221;zoom&#8221;][vc_empty_space height=&#8221;30px&#8221;][vc_empty_space height=&#8221;40px&#8221;][\/vc_column_inner][vc_column_inner width=&#8221;1\/4&#8243; url=&#8221;|title:Proizvodi||&#8221;][vc_single_image image=&#8221;9259&#8243; img_size=&#8221;600&#215;400&#8243; alignment=&#8221;center&#8221; onclick=&#8221;zoom&#8221;][vc_empty_space height=&#8221;30px&#8221;][vc_empty_space height=&#8221;40px&#8221;][\/vc_column_inner][vc_column_inner<\/p>\n","protected":false},"author":1,"featured_media":0,"parent":0,"menu_order":0,"comment_status":"closed","ping_status":"closed","template":"full-width.php","meta":[],"_links":{"self":[{"href":"https:\/\/labrako.hr\/home\/wp-json\/wp\/v2\/pages\/5258"}],"collection":[{"href":"https:\/\/labrako.hr\/home\/wp-json\/wp\/v2\/pages"}],"about":[{"href":"https:\/\/labrako.hr\/home\/wp-json\/wp\/v2\/types\/page"}],"author":[{"embeddable":true,"href":"https:\/\/labrako.hr\/home\/wp-json\/wp\/v2\/users\/1"}],"replies":[{"embeddable":true,"href":"https:\/\/labrako.hr\/home\/wp-json\/wp\/v2\/comments?post=5258"}],"version-history":[{"count":200,"href":"https:\/\/labrako.hr\/home\/wp-json\/wp\/v2\/pages\/5258\/revisions"}],"predecessor-version":[{"id":9620,"href":"https:\/\/labrako.hr\/home\/wp-json\/wp\/v2\/pages\/5258\/revisions\/9620"}],"wp:attachment":[{"href":"https:\/\/labrako.hr\/home\/wp-json\/wp\/v2\/media?parent=5258"}],"curies":[{"name":"wp","href":"https:\/\/api.w.org\/{rel}","templated":true}]}}