{"id":2644,"date":"2016-09-30T11:58:08","date_gmt":"2016-09-30T11:58:08","guid":{"rendered":"http:\/\/superfood.elated-themes.com\/?page_id=2644"},"modified":"2023-11-02T08:19:05","modified_gmt":"2023-11-02T07:19:05","slug":"o_nama","status":"publish","type":"page","link":"https:\/\/labrako.hr\/home\/o_nama\/","title":{"rendered":"O nama"},"content":{"rendered":"<div class=\"wpb-content-wrapper\"><p>[vc_row row_content_width=&#8221;grid&#8221;][vc_column width=&#8221;2\/3&#8243;][vc_column_text]<\/p>\n<h3>Labrako d.o.o. je tvrtka specijalizirana za preradu i trgovinu proizvodima ribarstva osnovana 2016. godine.<\/h3>\n<h3><strong>Vizija<\/strong><\/h3>\n<p>Postati vode\u0107i hrvatski dobavlja\u010d proizvoda ribarstva prepoznat po kvaliteti proizvoda i kvaliteti usluge koju pru\u017eamo na\u0161im kupcima, a sve kroz na\u0161u spremnost na visoku prilagodljivost vrhunskim profesionalcima u uslu\u017eivanju hrane i pravovremenu isporuku \u0161irom Hrvatske.<\/p>\n<h3><strong>Misija<\/strong><\/h3>\n<p>Pru\u017eiti vrhunskim profesionalcima najkvalitetnije proizvode ribarstva prilago\u0111ene njihovim potrebama uz isporuku na vrata \u0161irom Hrvatske, omogu\u0107uju\u0107i im da se fokusiraju na ono u \u010demu su najbolji, uslu\u017eivanju hrane.[\/vc_column_text][vc_empty_space][vc_column_text]<\/p>\n<h3>Kratka povijest Labrako d.o.o.<\/h3>\n<p>2016 &#8211; Godina osnivanja<br \/>\n2017 &#8211; Izgradnja i otvaranje vlastitih komora za skladi\u0161tenje proizvoda ribarstva<br \/>\n2018 &#8211; Izgradnja i otvaranje vlastitog pogona za preradu proizvoda ribarstva<br \/>\n2019 &#8211; Ulaganje u vlastitu flotu dostavnih vozila s hladnim lancem<br \/>\n2020 &#8211; Otvorena prva online ribarnica Luxmare.hr<br \/>\n2021 &#8211; Otvaranje distribucijskog centra u Dalmaciji za prihvat i otpremu svje\u017eih i smrznutih proizvoda ribarstva<br \/>\n2022 &#8211; Otvorena Luxmare ribarnica na zagreba\u010dkom Vrbiku[\/vc_column_text][vc_empty_space][vc_column_text]<\/p>\n<h3><strong>Labrako proizvodi ribarstva<\/strong><\/h3>\n<p>Proizvode ribarstva nabavljamo prvokupom od ribara te uvozom izabranih najkvalitetnijih proizvoda ribarstva iz najboljih svjetskih ribolovnih podru\u010dja.<\/p>\n<p>Vr\u0161imo prvokup jadranske ribe od na\u0161ih ribara (zubatac, kova\u010d, \u0161karpina, orada, gof, pagar\u2026).<\/p>\n<p>U ponudi su i probrani proizvodi ribarstva iz najboljih svjetskih ribolovnih zona. <a href=\"https:\/\/labrako.hr\/home\/riba_ponuda\/\">Saznajte vi\u0161e..<\/a>.<\/p>\n<h3><strong>Pogon za preradu proizvoda ribarstva Labrako<\/strong><\/h3>\n<p>Imamo vlastiti pogon za preradu i komore za skladi\u0161tenje koje su sufinancirane iz Europskog fonda za pomorstvo i ribarstvo (EFPR) i opremljene najsuvremenijom opremom.<br \/>\nU vlastitom pogonu pakiramo i smrzavamo teku\u0107im du\u0161ikom te skladi\u0161timo na -30C. <a href=\"https:\/\/labrako.hr\/home\/tehnologija\/\">Saznajte vi\u0161e&#8230;<\/a>[\/vc_column_text][vc_empty_space][vc_column_text]<\/p>\n<h3><strong>Vlastiti hladni lanac<\/strong><\/h3>\n<p>Vlastitim dostavnim vozilima dostavljamo robu diljem Dalmacije i Zagreba i okolice. Na taj na\u010din garantiramo za kvalitetu na\u0161ih proizvoda jer jam\u010dimo o\u010duvanje hladnog lanca vlastitim vozilima koja su opremljena opremom sa FNAX certifikatima. <a href=\"https:\/\/labrako.hr\/home\/dostava\/\">Saznajte vi\u0161e&#8230;<\/a><\/p>\n<h3><strong>Pru\u017eamo usluge na\u0161im partnerima<\/strong><\/h3>\n<p>U pogonu za preradu pru\u017eamo i uslugu pakiranja, \u010di\u0161\u0107enja, filetiranja, odmrzavanja proizvoda ribarstva. <a href=\"https:\/\/labrako.hr\/home\/usluge\/\">Saznajte vi\u0161e&#8230;<\/a><\/p>\n<h3><strong>Na\u0161i vjerni kupci<\/strong><\/h3>\n<p>Ve\u0107ina na\u0161ih kupaca su iz HORECA segmenta (hoteli, restorani i catering tvrtke), a dostava na Va\u0161 prag u dogovoreno vrijeme i kvaliteta na\u0161ih proizvoda ono je po \u010demu se isti\u010demo. <a href=\"https:\/\/labrako.hr\/home\/kupci\/\">Pogledajte neke od na\u0161ih vjernih kupaca.<\/a>[\/vc_column_text][vc_empty_space][vc_column_text]<\/p>\n<h3><strong>Luxmare ribarnica i Luxmare.hr online ribarnica<\/strong><\/h3>\n<p>U razdoblju Corona krize 2020. godine odgovorili smo otvaranjem prve hrvatske online ribarnice Luxmare.hr na kojoj smo omogu\u0107ili na\u0161im retail klijentima da tijekom te\u0161kih razdoblja imaju pristup do najkvalitetnijih proizvoda ribarstva. Danas Luxmare.hr online ribarnica ima preko 50 razli\u010ditih probranih proizvoda ribarstva dostupnih na\u0161im kupcima fizi\u010dkim osobama na klik gumba na <a href=\"http:\/\/www.luxmare.hr\" target=\"_blank\" rel=\"noopener\">www.luxmare.hr<\/a>.<\/p>\n<p>2022. godine otvorili smo prvu Luxmare ribarnicu na zagreba\u010dkom Vrbiku gdje na\u0161im kupcima nudimo najkvalitetnije svje\u017ee proizvode ribarstva.[\/vc_column_text][vc_empty_space][\/vc_column][vc_column width=&#8221;1\/3&#8243;][vc_single_image image=&#8221;9425&#8243; img_size=&#8221;801&#215;600&#8243;][vc_empty_space][vc_single_image image=&#8221;9435&#8243; img_size=&#8221;945&#215;721&#8243;][vc_empty_space][vc_single_image image=&#8221;9428&#8243; img_size=&#8221;801&#215;600&#8243;][vc_empty_space][vc_single_image image=&#8221;9423&#8243; img_size=&#8221;801&#215;600&#8243;][vc_empty_space][vc_single_image image=&#8221;9431&#8243; img_size=&#8221;1000&#215;1200&#8243;][\/vc_column][\/vc_row][vc_row][vc_column][vc_empty_space][vc_single_image image=&#8221;9432&#8243; img_size=&#8221;980&#215;175&#8243; alignment=&#8221;center&#8221;][vc_empty_space][\/vc_column][\/vc_row]<\/p>\n<\/div>","protected":false},"excerpt":{"rendered":"<p>[vc_row row_content_width=&#8221;grid&#8221;][vc_column width=&#8221;2\/3&#8243;][vc_column_text] Labrako d.o.o. je tvrtka specijalizirana za preradu i trgovinu proizvodima ribarstva osnovana 2016. godine. Vizija Postati vode\u0107i hrvatski dobavlja\u010d proizvoda ribarstva prepoznat po kvaliteti proizvoda i kvaliteti usluge koju pru\u017eamo na\u0161im kupcima, a sve kroz na\u0161u spremnost na visoku prilagodljivost vrhunskim profesionalcima u uslu\u017eivanju hrane i pravovremenu isporuku \u0161irom Hrvatske. Misija Pru\u017eiti vrhunskim profesionalcima najkvalitetnije proizvode ribarstva prilago\u0111ene njihovim potrebama uz isporuku na vrata \u0161irom Hrvatske, omogu\u0107uju\u0107i im da se fokusiraju na ono u \u010demu su najbolji, uslu\u017eivanju hrane.[\/vc_column_text][vc_empty_space][vc_column_text] Kratka povijest Labrako d.o.o. 2016 &#8211; Godina osnivanja 2017 &#8211; Izgradnja i otvaranje vlastitih komora za skladi\u0161tenje proizvoda ribarstva 2018 &#8211; Izgradnja i otvaranje vlastitog pogona za preradu proizvoda ribarstva 2019 &#8211; Ulaganje u vlastitu flotu dostavnih vozila s hladnim lancem 2020 &#8211; Otvorena prva online ribarnica Luxmare.hr 2021 &#8211; Otvaranje distribucijskog centra u Dalmaciji za prihvat i otpremu svje\u017eih i smrznutih proizvoda ribarstva 2022 &#8211; Otvorena Luxmare<\/p>\n","protected":false},"author":1,"featured_media":9485,"parent":0,"menu_order":0,"comment_status":"closed","ping_status":"closed","template":"full-width.php","meta":[],"_links":{"self":[{"href":"https:\/\/labrako.hr\/home\/wp-json\/wp\/v2\/pages\/2644"}],"collection":[{"href":"https:\/\/labrako.hr\/home\/wp-json\/wp\/v2\/pages"}],"about":[{"href":"https:\/\/labrako.hr\/home\/wp-json\/wp\/v2\/types\/page"}],"author":[{"embeddable":true,"href":"https:\/\/labrako.hr\/home\/wp-json\/wp\/v2\/users\/1"}],"replies":[{"embeddable":true,"href":"https:\/\/labrako.hr\/home\/wp-json\/wp\/v2\/comments?post=2644"}],"version-history":[{"count":24,"href":"https:\/\/labrako.hr\/home\/wp-json\/wp\/v2\/pages\/2644\/revisions"}],"predecessor-version":[{"id":9625,"href":"https:\/\/labrako.hr\/home\/wp-json\/wp\/v2\/pages\/2644\/revisions\/9625"}],"wp:featuredmedia":[{"embeddable":true,"href":"https:\/\/labrako.hr\/home\/wp-json\/wp\/v2\/media\/9485"}],"wp:attachment":[{"href":"https:\/\/labrako.hr\/home\/wp-json\/wp\/v2\/media?parent=2644"}],"curies":[{"name":"wp","href":"https:\/\/api.w.org\/{rel}","templated":true}]}}